{"id":211,"date":"2026-02-20T18:56:28","date_gmt":"2026-02-20T18:56:28","guid":{"rendered":"https:\/\/insky.codnize.com\/?page_id=211"},"modified":"2026-02-20T19:19:02","modified_gmt":"2026-02-20T19:19:02","slug":"adatvedelmi-iranyelvek","status":"publish","type":"page","link":"https:\/\/insky.codnize.com\/de\/adatvedelmi-iranyelvek\/","title":{"rendered":"Adatv\u00e9delmi ir\u00e1nyelvek"},"content":{"rendered":"<div data-elementor-type=\"wp-page\" data-elementor-id=\"211\" class=\"elementor elementor-211\" data-elementor-post-type=\"page\">\n\t\t\t\t<div class=\"elementor-element elementor-element-ee367e2 e-flex e-con-boxed e-con e-parent\" data-id=\"ee367e2\" data-element_type=\"container\" data-e-type=\"container\" data-settings=\"{&quot;background_background&quot;:&quot;classic&quot;}\">\n\t\t\t\t\t<div class=\"e-con-inner\">\n\t\t<div class=\"elementor-element elementor-element-8d196b5 e-con-full e-flex e-con e-child\" data-id=\"8d196b5\" data-element_type=\"container\" data-e-type=\"container\">\n\t\t\t\t<div class=\"elementor-element elementor-element-cfa6b53 elementor-widget elementor-widget-heading\" data-id=\"cfa6b53\" data-element_type=\"widget\" data-e-type=\"widget\" data-widget_type=\"heading.default\">\n\t\t\t\t\t<h2 class=\"elementor-heading-title elementor-size-default\">\u200bImpressum und Datenschutzerkl\u00e4rung \n<\/h2>\t\t\t\t<\/div>\n\t\t\t\t<div class=\"elementor-element elementor-element-e5a9520 elementor-widget elementor-widget-text-editor\" data-id=\"e5a9520\" data-element_type=\"widget\" data-e-type=\"widget\" data-widget_type=\"text-editor.default\">\n\t\t\t\t\t\t\t\t\t<p>Firmendaten Firmendaten laut Gewerbedatenbank Inhaber:\u00a0<br \/>Csaba L\u00e1szl\u00f3 Feka Firmenwortlaut<br \/>(laut Firmenbuch): InSkyLA Mobile Autoreinigung e.U. (FN 612438w)\u00a0<br \/>Firmenbuchnummer: 612438w<br \/>Firmengericht: Landesgericht St. P\u00f6lten GLN: 9110034488406\u00a0<br \/>Berechtigungen FG Garagen-, Tankstellen- und Serviceunternehmungen Wartung und Pflege von Kraftfahrzeugen (KFZ-Service) im Standort eingeschr\u00e4nkt auf den B\u00fcrobetrieb \u00a0 Gewerberechtliche Gesch\u00e4ftsf\u00fchrung: &#8211; \u00a0 GISA-Zahl: 36614677\u00a0 \u00a0\u00a0<br \/>Versicherung bei ARAG SE\u00a0 \u00a0<\/p>\t\t\t\t\t\t\t\t<\/div>\n\t\t\t\t<\/div>\n\t\t<div class=\"elementor-element elementor-element-1f0394d e-con-full e-flex e-con e-child\" data-id=\"1f0394d\" data-element_type=\"container\" data-e-type=\"container\">\n\t\t\t\t<div class=\"elementor-element elementor-element-d022b4b elementor-widget elementor-widget-heading\" data-id=\"d022b4b\" data-element_type=\"widget\" data-e-type=\"widget\" data-widget_type=\"heading.default\">\n\t\t\t\t\t<h2 class=\"elementor-heading-title elementor-size-default\">Datenschutzerkl\u00e4rung <\/h2>\t\t\t\t<\/div>\n\t\t\t\t<div class=\"elementor-element elementor-element-bb37d5e elementor-widget elementor-widget-text-editor\" data-id=\"bb37d5e\" data-element_type=\"widget\" data-e-type=\"widget\" data-widget_type=\"text-editor.default\">\n\t\t\t\t\t\t\t\t\t<p><strong>1.<\/strong> Einleitung und Verantwortlicher Der Schutz Ihrer pers\u00f6nlichen Daten ist uns ein besonderes Anliegen. Wir verarbeiten Ihre Daten daher ausschlie\u00dflich auf Grundlage der gesetzlichen Bestimmungen (DSGVO, DSG, TKG 2003). In dieser Datenschutzerkl\u00e4rung informieren wir Sie \u00fcber die wichtigsten Aspekte der Datenverarbeitung im Rahmen unserer Website. \u00a0 Verantwortlicher f\u00fcr die Datenverarbeitung: Firmendaten Firmendaten laut Gewerbedatenbank Inhaber: Csaba L\u00e1szl\u00f3 Feka Telefonnummer:+436602054246 Firmenwortlaut (laut Firmenbuch): InSkyLA Mobile Autoreinigung e.U. (FN 612438w) Firmenbuchnummer: 612438w Firmengericht: Landesgericht St. P\u00f6lten GLN: 9110034488406\u00a0<br \/><strong>2<\/strong>. Erhebung und Verarbeitung personenbezogener Daten Wir erheben und verarbeiten Ihre personenbezogenen Daten nur, wenn dies erforderlich ist oder Sie uns Ihre ausdr\u00fcckliche Zustimmung gegeben haben. Dies betrifft insbesondere: \u00a0 Kontaktaufnahme per E-Mail oder Kontaktformular \u00a0 Nutzung von Cookies und Analysetools \u00a0 Online-Bestellungen oder Registrierungen\u00a0<br \/><strong>3.<\/strong> Rechtsgrundlagen der Verarbeitung Die Verarbeitung Ihrer personenbezogenen Daten erfolgt auf folgenden rechtlichen Grundlagen: \u00a0 Einwilligung (Art. 6 Abs. 1 lit. a DSGVO) \u00a0 Vertragserf\u00fcllung oder vorvertragliche Ma\u00dfnahmen (Art. 6 Abs. 1 lit. b DSGVO) \u00a0 Rechtliche Verpflichtungen\u00a0<br \/>Art. 6 Abs. 1 lit. c DSGVO) \u00a0 Berechtigte Interessen (Art. 6 Abs. 1 lit. f DSGVO)<br \/><strong>4.<\/strong> Datenweitergabe an Dritte Wir geben Ihre Daten nur dann an Dritte weiter, wenn dies erforderlich ist, z. B. an: \u00a0 IT-Dienstleister zur technischen Betreuung der Website \u00a0 Zahlungsanbieter im Rahmen von Bestellabwicklungen \u00a0 Webanalyse-Dienstleister (z. B. Google Analytics)<br \/><strong>5.<\/strong> Speicherdauer der Daten Wir speichern Ihre personenbezogenen Daten nur solange, wie dies f\u00fcr den jeweiligen Verarbeitungszweck notwendig ist oder gesetzliche Aufbewahrungspflichten bestehen.\u00a0<br \/><strong>6<\/strong>. Ihre Rechte als betroffene Person Sie haben das Recht auf: \u00a0 Auskunft \u00fcber Ihre gespeicherten Daten \u00a0 Berichtigung oder L\u00f6schung Ihrer Daten \u00a0 Einschr\u00e4nkung der Verarbeitung \u00a0 Widerspruch gegen die Verarbeitung \u00a0 Daten\u00fcbertragbarkeit \u00a0 Widerruf Ihrer Einwilligung (mit Wirkung f\u00fcr die Zukunft)\u00a0 \u00a0Zur Aus\u00fcbung Ihrer Rechte kontaktieren Sie uns bitte unter den oben angegebenen Kontaktdaten.\u00a0<br \/><strong>7<\/strong>. Verwendung von Cookies und Tracking-Technologien Unsere Website verwendet Cookies, um die Benutzererfahrung zu verbessern. Sie k\u00f6nnen Ihre Cookie-Einstellungen jederzeit \u00e4ndern oder Cookies deaktivieren.<br \/><strong>8.<\/strong> Google Analytics und andere Analysetools Unsere Website nutzt Google Analytics, um anonyme Nutzungsstatistiken zu erstellen. Dabei werden Informationen \u00fcber Ihre Nutzung der Website an Google \u00fcbertragen und dort gespeichert. Sie k\u00f6nnen der Nutzung widersprechen, indem Sie ein entsprechendes Browser-Add-on installieren.\u00a0<br \/><strong>9.<\/strong> Kontaktaufnahme Bei Fragen zum Datenschutz oder zur Verarbeitung Ihrer personenbezogenen\u00a0<br \/>Daten kontaktieren Sie uns bitte unter:\u00a0<br \/>Csaba L\u00e1szl\u00f3 Feka<br \/>InSkyLA Mobile Autoreinigung e.U.<br \/>+436602054246\u00a0<br \/>Diese Datenschutzerkl\u00e4rung wird regelm\u00e4\u00dfig aktualisiert. 14.02.2025<\/p>\t\t\t\t\t\t\t\t<\/div>\n\t\t\t\t<\/div>\n\t\t\t\t\t<\/div>\n\t\t\t\t<\/div>\n\t\t\t\t<\/div>","protected":false},"excerpt":{"rendered":"<p>\u200bImpressum und Datenschutzerkl\u00e4rung Firmendaten Firmendaten laut Gewerbedatenbank Inhaber:\u00a0Csaba L\u00e1szl\u00f3 Feka Firmenwortlaut(laut Firmenbuch): InSkyLA Mobile Autoreinigung e.U. (FN 612438w)\u00a0Firmenbuchnummer: 612438wFirmengericht: Landesgericht St. P\u00f6lten GLN: 9110034488406\u00a0Berechtigungen FG Garagen-, Tankstellen- und Serviceunternehmungen Wartung und Pflege von Kraftfahrzeugen (KFZ-Service) im Standort eingeschr\u00e4nkt auf den B\u00fcrobetrieb \u00a0 Gewerberechtliche Gesch\u00e4ftsf\u00fchrung: &#8211; \u00a0 GISA-Zahl: 36614677\u00a0 \u00a0\u00a0Versicherung bei ARAG SE\u00a0 \u00a0 Datenschutzerkl\u00e4rung 1. [&hellip;]<\/p>\n","protected":false},"author":1,"featured_media":0,"parent":0,"menu_order":0,"comment_status":"closed","ping_status":"closed","template":"elementor_header_footer","meta":{"footnotes":""},"class_list":["post-211","page","type-page","status-publish","hentry"],"_links":{"self":[{"href":"https:\/\/insky.codnize.com\/de\/wp-json\/wp\/v2\/pages\/211","targetHints":{"allow":["GET"]}}],"collection":[{"href":"https:\/\/insky.codnize.com\/de\/wp-json\/wp\/v2\/pages"}],"about":[{"href":"https:\/\/insky.codnize.com\/de\/wp-json\/wp\/v2\/types\/page"}],"author":[{"embeddable":true,"href":"https:\/\/insky.codnize.com\/de\/wp-json\/wp\/v2\/users\/1"}],"replies":[{"embeddable":true,"href":"https:\/\/insky.codnize.com\/de\/wp-json\/wp\/v2\/comments?post=211"}],"version-history":[{"count":13,"href":"https:\/\/insky.codnize.com\/de\/wp-json\/wp\/v2\/pages\/211\/revisions"}],"predecessor-version":[{"id":240,"href":"https:\/\/insky.codnize.com\/de\/wp-json\/wp\/v2\/pages\/211\/revisions\/240"}],"wp:attachment":[{"href":"https:\/\/insky.codnize.com\/de\/wp-json\/wp\/v2\/media?parent=211"}],"curies":[{"name":"wp","href":"https:\/\/api.w.org\/{rel}","templated":true}]}}