{"id":11,"date":"2026-02-19T16:53:28","date_gmt":"2026-02-19T16:53:28","guid":{"rendered":"https:\/\/insky.codnize.com\/?page_id=11"},"modified":"2026-02-20T20:15:06","modified_gmt":"2026-02-20T20:15:06","slug":"home","status":"publish","type":"page","link":"https:\/\/insky.codnize.com\/de\/","title":{"rendered":"Home"},"content":{"rendered":"\t\t<div data-elementor-type=\"wp-page\" data-elementor-id=\"11\" class=\"elementor elementor-11\" data-elementor-post-type=\"page\">\n\t\t\t\t<div class=\"elementor-element elementor-element-121a8af e-flex e-con-boxed e-con e-parent\" data-id=\"121a8af\" data-element_type=\"container\" data-e-type=\"container\">\n\t\t\t\t\t<div class=\"e-con-inner\">\n\t\t\t\t<div class=\"elementor-element elementor-element-b9d977f elementor-widget elementor-widget-n-carousel\" data-id=\"b9d977f\" data-element_type=\"widget\" data-e-type=\"widget\" data-settings=\"{&quot;carousel_items&quot;:[{&quot;slide_title&quot;:&quot;Slide #1&quot;,&quot;_id&quot;:&quot;5f4ba0f&quot;},{&quot;slide_title&quot;:&quot;Slide #1&quot;,&quot;_id&quot;:&quot;dff9036&quot;}],&quot;slides_to_show&quot;:&quot;1&quot;,&quot;slides_to_show_tablet&quot;:&quot;1&quot;,&quot;slides_to_scroll&quot;:&quot;1&quot;,&quot;autoplay_speed&quot;:2000,&quot;image_spacing_custom&quot;:{&quot;unit&quot;:&quot;px&quot;,&quot;size&quot;:0,&quot;sizes&quot;:[]},&quot;slides_to_show_mobile&quot;:&quot;1&quot;,&quot;autoplay&quot;:&quot;yes&quot;,&quot;pause_on_interaction&quot;:&quot;yes&quot;,&quot;infinite&quot;:&quot;yes&quot;,&quot;speed&quot;:500,&quot;offset_sides&quot;:&quot;none&quot;,&quot;image_spacing_custom_tablet&quot;:{&quot;unit&quot;:&quot;px&quot;,&quot;size&quot;:&quot;&quot;,&quot;sizes&quot;:[]},&quot;image_spacing_custom_mobile&quot;:{&quot;unit&quot;:&quot;px&quot;,&quot;size&quot;:&quot;&quot;,&quot;sizes&quot;:[]}}\" data-widget_type=\"nested-carousel.default\">\n\t\t\t\t\t\t\t<div class=\"e-n-carousel swiper\" role=\"region\" aria-roledescription=\"carousel\" aria-label=\"Carousel\" dir=\"ltr\">\r\n\t\t\t<div class=\"swiper-wrapper\" aria-live=\"off\">\r\n\t\t\t\t\t\t\t\t\t\t<div class=\"swiper-slide\" data-slide=\"1\" role=\"group\" aria-roledescription=\"slide\" aria-label=\"1 of 2\">\r\n\t\t\t\t\t\t\t<div class=\"elementor-element elementor-element-7a6559f e-con-full e-flex e-con e-child\" data-id=\"7a6559f\" data-element_type=\"container\" data-e-type=\"container\">\n\t\t<div class=\"elementor-element elementor-element-862b352 e-con-full e-flex e-con e-child\" data-id=\"862b352\" data-element_type=\"container\" data-e-type=\"container\" data-settings=\"{&quot;background_background&quot;:&quot;classic&quot;}\">\n\t\t<div class=\"elementor-element elementor-element-4d0844b e-con-full e-flex e-con e-child\" data-id=\"4d0844b\" data-element_type=\"container\" data-e-type=\"container\">\n\t\t\t\t<div class=\"elementor-element elementor-element-7651134 elementor-widget__width-initial elementor-widget-mobile__width-inherit elementor-invisible elementor-widget elementor-widget-image-box\" data-id=\"7651134\" data-element_type=\"widget\" data-e-type=\"widget\" data-settings=\"{&quot;_animation&quot;:&quot;fadeInUp&quot;}\" data-widget_type=\"image-box.default\">\n\t\t\t\t\t<div class=\"elementor-image-box-wrapper\"><div class=\"elementor-image-box-content\"><h3 class=\"elementor-image-box-title\">Pr\u00e9mium Bels\u0151 Tiszt\u00edt\u00e1s<\/h3><p class=\"elementor-image-box-description\">Teljes aut\u00f3 bels\u0151 tiszt\u00edt\u00e1s ak\u00e1r 2 \u00f3ra alatt \u2013 porsz\u00edv\u00f3z\u00e1s, samponoz\u00e1s, b\u0151rtiszt\u00edt\u00e1s \u00e9s aj\u00e1nd\u00e9k l\u00e9gfriss\u00edt\u0151!<\/p><\/div><\/div>\t\t\t\t<\/div>\n\t\t\t\t<div class=\"elementor-element elementor-element-3295347 elementor-widget elementor-widget-heading\" data-id=\"3295347\" data-element_type=\"widget\" data-e-type=\"widget\" data-widget_type=\"heading.default\">\n\t\t\t\t\t<h2 class=\"elementor-heading-title elementor-size-default\">149 \u20ac<\/h2>\t\t\t\t<\/div>\n\t\t\t\t<div class=\"elementor-element elementor-element-30fb9c9 elementor-widget elementor-widget-button\" data-id=\"30fb9c9\" data-element_type=\"widget\" data-e-type=\"widget\" data-widget_type=\"button.default\">\n\t\t\t\t\t\t\t\t\t\t<a class=\"elementor-button elementor-button-link elementor-size-sm\" href=\"https:\/\/insky.codnize.com\/kapcsolat\/\">\n\t\t\t\t\t\t<span class=\"elementor-button-content-wrapper\">\n\t\t\t\t\t\t\t\t\t<span class=\"elementor-button-text\">Kapcsolat<\/span>\n\t\t\t\t\t<\/span>\n\t\t\t\t\t<\/a>\n\t\t\t\t\t\t\t\t<\/div>\n\t\t\t\t<\/div>\n\t\t\t\t<\/div>\n\t\t\t\t<\/div>\n\t\t\t\t\t\t\t\t<\/div>\r\n\t\t\t\t\t\t\t\t\t\t\t<div class=\"swiper-slide\" data-slide=\"2\" role=\"group\" aria-roledescription=\"slide\" aria-label=\"2 of 2\">\r\n\t\t\t\t\t\t\t<div class=\"elementor-element elementor-element-4b2d584 e-con-full e-flex e-con e-child\" data-id=\"4b2d584\" data-element_type=\"container\" data-e-type=\"container\">\n\t\t<div class=\"elementor-element elementor-element-be447b1 e-con-full e-flex e-con e-child\" data-id=\"be447b1\" data-element_type=\"container\" data-e-type=\"container\" data-settings=\"{&quot;background_background&quot;:&quot;classic&quot;}\">\n\t\t<div class=\"elementor-element elementor-element-76a921f e-con-full e-flex e-con e-child\" data-id=\"76a921f\" data-element_type=\"container\" data-e-type=\"container\">\n\t\t\t\t<div class=\"elementor-element elementor-element-9dfc47c elementor-widget__width-initial elementor-widget-mobile__width-inherit elementor-invisible elementor-widget elementor-widget-image-box\" data-id=\"9dfc47c\" data-element_type=\"widget\" data-e-type=\"widget\" data-settings=\"{&quot;_animation&quot;:&quot;fadeInUp&quot;}\" data-widget_type=\"image-box.default\">\n\t\t\t\t\t<div class=\"elementor-image-box-wrapper\"><div class=\"elementor-image-box-content\"><h3 class=\"elementor-image-box-title\">Pr\u00e9mium Bels\u0151 Tiszt\u00edt\u00e1s<\/h3><p class=\"elementor-image-box-description\">Teljes aut\u00f3 bels\u0151 tiszt\u00edt\u00e1s ak\u00e1r 2 \u00f3ra alatt \u2013 porsz\u00edv\u00f3z\u00e1s, samponoz\u00e1s, b\u0151rtiszt\u00edt\u00e1s \u00e9s aj\u00e1nd\u00e9k l\u00e9gfriss\u00edt\u0151!<\/p><\/div><\/div>\t\t\t\t<\/div>\n\t\t\t\t<div class=\"elementor-element elementor-element-5642601 elementor-widget elementor-widget-heading\" data-id=\"5642601\" data-element_type=\"widget\" data-e-type=\"widget\" data-widget_type=\"heading.default\">\n\t\t\t\t\t<h2 class=\"elementor-heading-title elementor-size-default\">149 \u20ac<\/h2>\t\t\t\t<\/div>\n\t\t\t\t<div class=\"elementor-element elementor-element-044c416 elementor-widget elementor-widget-button\" data-id=\"044c416\" data-element_type=\"widget\" data-e-type=\"widget\" data-widget_type=\"button.default\">\n\t\t\t\t\t\t\t\t\t\t<a class=\"elementor-button elementor-button-link elementor-size-sm\" href=\"https:\/\/insky.codnize.com\/kapcsolat\/\">\n\t\t\t\t\t\t<span class=\"elementor-button-content-wrapper\">\n\t\t\t\t\t\t\t\t\t<span class=\"elementor-button-text\">Kapcsolat<\/span>\n\t\t\t\t\t<\/span>\n\t\t\t\t\t<\/a>\n\t\t\t\t\t\t\t\t<\/div>\n\t\t\t\t<\/div>\n\t\t\t\t<\/div>\n\t\t\t\t<\/div>\n\t\t\t\t\t\t\t\t<\/div>\r\n\t\t\t\t\t\t\t\t<\/div>\r\n\t\t<\/div>\r\n\t\t\t\t\t\t<\/div>\n\t\t\t\t\t<\/div>\n\t\t\t\t<\/div>\n\t\t<div class=\"elementor-element elementor-element-4aaf01e e-flex e-con-boxed e-con e-parent\" data-id=\"4aaf01e\" data-element_type=\"container\" data-e-type=\"container\">\n\t\t\t\t\t<div class=\"e-con-inner\">\n\t\t<div class=\"elementor-element elementor-element-2866ba0 e-con-full e-flex e-con e-child\" data-id=\"2866ba0\" data-element_type=\"container\" data-e-type=\"container\">\n\t\t\t\t<div class=\"elementor-element elementor-element-c10ef9d elementor-widget__width-initial elementor-widget-mobile__width-inherit elementor-widget elementor-widget-image-box\" data-id=\"c10ef9d\" data-element_type=\"widget\" data-e-type=\"widget\" data-widget_type=\"image-box.default\">\n\t\t\t\t\t<div class=\"elementor-image-box-wrapper\"><div class=\"elementor-image-box-content\"><h3 class=\"elementor-image-box-title\">Mobil Aut\u00f3tiszt\u00edt\u00e1s\u200b<\/h3><p class=\"elementor-image-box-description\">K\u00e9nyelmes megold\u00e1s \u00e9s Id\u0151 megtakar\u00edt\u00e1s! K\u00f6rnyezetbar\u00e1t technol\u00f3gi\u00e1kkal \u00e9s professzion\u00e1lis eszk\u00f6z\u00f6kkel biztos\u00edtom a makul\u00e1tlan tisztas\u00e1got. \n\n<\/p><\/div><\/div>\t\t\t\t<\/div>\n\t\t<div class=\"elementor-element elementor-element-a2d703a e-con-full e-flex e-con e-child\" data-id=\"a2d703a\" data-element_type=\"container\" data-e-type=\"container\">\n\t\t<div class=\"elementor-element elementor-element-ba4ace1 e-con-full e-flex e-con e-child\" data-id=\"ba4ace1\" data-element_type=\"container\" data-e-type=\"container\">\n\t\t\t\t<div class=\"elementor-element elementor-element-e0128a0 elementor-position-top elementor-widget elementor-widget-image-box\" data-id=\"e0128a0\" data-element_type=\"widget\" data-e-type=\"widget\" data-widget_type=\"image-box.default\">\n\t\t\t\t\t<div class=\"elementor-image-box-wrapper\"><figure class=\"elementor-image-box-img\"><img fetchpriority=\"high\" decoding=\"async\" width=\"512\" height=\"415\" src=\"https:\/\/insky.codnize.com\/wp-content\/uploads\/2026\/02\/map-e1771616103713.png\" class=\"attachment-full size-full wp-image-255\" alt=\"\" srcset=\"https:\/\/insky.codnize.com\/wp-content\/uploads\/2026\/02\/map-e1771616103713.png 512w, https:\/\/insky.codnize.com\/wp-content\/uploads\/2026\/02\/map-e1771616103713-300x243.png 300w, https:\/\/insky.codnize.com\/wp-content\/uploads\/2026\/02\/map-e1771616103713-15x12.png 15w\" sizes=\"(max-width: 512px) 100vw, 512px\" \/><\/figure><div class=\"elementor-image-box-content\"><h3 class=\"elementor-image-box-title\">Kisz\u00e1ll\u00e1s<\/h3><\/div><\/div>\t\t\t\t<\/div>\n\t\t\t\t<\/div>\n\t\t<div class=\"elementor-element elementor-element-74f7bb8 e-con-full e-flex e-con e-child\" data-id=\"74f7bb8\" data-element_type=\"container\" data-e-type=\"container\">\n\t\t\t\t<div class=\"elementor-element elementor-element-7078ea4 elementor-position-top elementor-widget elementor-widget-image-box\" data-id=\"7078ea4\" data-element_type=\"widget\" data-e-type=\"widget\" data-widget_type=\"image-box.default\">\n\t\t\t\t\t<div class=\"elementor-image-box-wrapper\"><figure class=\"elementor-image-box-img\"><img decoding=\"async\" width=\"512\" height=\"512\" src=\"https:\/\/insky.codnize.com\/wp-content\/uploads\/2026\/02\/car-wash.png\" class=\"attachment-full size-full wp-image-254\" alt=\"\" srcset=\"https:\/\/insky.codnize.com\/wp-content\/uploads\/2026\/02\/car-wash.png 512w, https:\/\/insky.codnize.com\/wp-content\/uploads\/2026\/02\/car-wash-300x300.png 300w, https:\/\/insky.codnize.com\/wp-content\/uploads\/2026\/02\/car-wash-150x150.png 150w, https:\/\/insky.codnize.com\/wp-content\/uploads\/2026\/02\/car-wash-12x12.png 12w\" sizes=\"(max-width: 512px) 100vw, 512px\" \/><\/figure><div class=\"elementor-image-box-content\"><h3 class=\"elementor-image-box-title\">Takar\u00edt\u00e1s<\/h3><\/div><\/div>\t\t\t\t<\/div>\n\t\t\t\t<\/div>\n\t\t<div class=\"elementor-element elementor-element-754005f e-con-full e-flex e-con e-child\" data-id=\"754005f\" data-element_type=\"container\" data-e-type=\"container\">\n\t\t\t\t<div class=\"elementor-element elementor-element-a92d0a2 elementor-position-top elementor-widget elementor-widget-image-box\" data-id=\"a92d0a2\" data-element_type=\"widget\" data-e-type=\"widget\" data-widget_type=\"image-box.default\">\n\t\t\t\t\t<div class=\"elementor-image-box-wrapper\"><figure class=\"elementor-image-box-img\"><img decoding=\"async\" width=\"512\" height=\"512\" src=\"https:\/\/insky.codnize.com\/wp-content\/uploads\/2026\/02\/customer-service.png\" class=\"attachment-full size-full wp-image-253\" alt=\"\" srcset=\"https:\/\/insky.codnize.com\/wp-content\/uploads\/2026\/02\/customer-service.png 512w, https:\/\/insky.codnize.com\/wp-content\/uploads\/2026\/02\/customer-service-300x300.png 300w, https:\/\/insky.codnize.com\/wp-content\/uploads\/2026\/02\/customer-service-150x150.png 150w, https:\/\/insky.codnize.com\/wp-content\/uploads\/2026\/02\/customer-service-12x12.png 12w\" sizes=\"(max-width: 512px) 100vw, 512px\" \/><\/figure><div class=\"elementor-image-box-content\"><h3 class=\"elementor-image-box-title\">Boldog \u00dcgyf\u00e9l<\/h3><\/div><\/div>\t\t\t\t<\/div>\n\t\t\t\t<\/div>\n\t\t\t\t<\/div>\n\t\t\t\t<\/div>\n\t\t\t\t\t<\/div>\n\t\t\t\t<\/div>\n\t\t<div class=\"elementor-element elementor-element-022fe58 e-flex e-con-boxed e-con e-parent\" data-id=\"022fe58\" data-element_type=\"container\" data-e-type=\"container\">\n\t\t\t\t\t<div class=\"e-con-inner\">\n\t\t<div class=\"elementor-element elementor-element-eb32861 e-con-full e-flex e-con e-child\" data-id=\"eb32861\" data-element_type=\"container\" data-e-type=\"container\">\n\t\t<div class=\"elementor-element elementor-element-4c450e7 e-con-full e-flex e-con e-child\" data-id=\"4c450e7\" data-element_type=\"container\" data-e-type=\"container\" data-settings=\"{&quot;background_background&quot;:&quot;classic&quot;}\">\n\t\t\t\t<\/div>\n\t\t<div class=\"elementor-element elementor-element-6975fa2 e-con-full e-flex e-con e-child\" data-id=\"6975fa2\" data-element_type=\"container\" data-e-type=\"container\">\n\t\t\t\t<div class=\"elementor-element elementor-element-135686c elementor-widget elementor-widget-heading\" data-id=\"135686c\" data-element_type=\"widget\" data-e-type=\"widget\" data-widget_type=\"heading.default\">\n\t\t\t\t\t<h2 class=\"elementor-heading-title elementor-size-default\">Aut\u00f3kozmetika<\/h2>\t\t\t\t<\/div>\n\t\t\t\t<div class=\"elementor-element elementor-element-3091280 elementor-widget elementor-widget-image-box\" data-id=\"3091280\" data-element_type=\"widget\" data-e-type=\"widget\" data-widget_type=\"image-box.default\">\n\t\t\t\t\t<div class=\"elementor-image-box-wrapper\"><div class=\"elementor-image-box-content\"><h3 class=\"elementor-image-box-title\">Szolg\u00e1ltat\u00e1sok<\/h3><p class=\"elementor-image-box-description\">\u200bSpeci\u00e1lis sz\u0151nyeg\u00fcnknek k\u00f6sz\u00f6nhet\u0151en b\u00e1rhol megtiszt\u00edthatjuk j\u00e1rm\u0171v\u00e9t, an\u00e9lk\u00fcl hogy v\u00edz- vagy \u00e1ramcsatlakoz\u00e1sra lenne sz\u00fcks\u00e9g.\n\n<\/p><\/div><\/div>\t\t\t\t<\/div>\n\t\t\t\t<div class=\"elementor-element elementor-element-743383f elementor-widget elementor-widget-button\" data-id=\"743383f\" data-element_type=\"widget\" data-e-type=\"widget\" data-widget_type=\"button.default\">\n\t\t\t\t\t\t\t\t\t\t<a class=\"elementor-button elementor-button-link elementor-size-sm\" href=\"https:\/\/insky.codnize.com\/szolgaltatasok\/\">\n\t\t\t\t\t\t<span class=\"elementor-button-content-wrapper\">\n\t\t\t\t\t\t\t\t\t<span class=\"elementor-button-text\">MEGN\u00c9ZEM<\/span>\n\t\t\t\t\t<\/span>\n\t\t\t\t\t<\/a>\n\t\t\t\t\t\t\t\t<\/div>\n\t\t\t\t<\/div>\n\t\t\t\t<\/div>\n\t\t\t\t\t<\/div>\n\t\t\t\t<\/div>\n\t\t<div class=\"elementor-element elementor-element-b4ad340 e-flex e-con-boxed e-con e-parent\" data-id=\"b4ad340\" data-element_type=\"container\" data-e-type=\"container\" data-settings=\"{&quot;background_background&quot;:&quot;classic&quot;}\">\n\t\t\t\t\t<div class=\"e-con-inner\">\n\t\t<div class=\"elementor-element elementor-element-6280b89 e-con-full e-flex e-con e-child\" data-id=\"6280b89\" data-element_type=\"container\" data-e-type=\"container\">\n\t\t\t\t<div class=\"elementor-element elementor-element-d0f1fdc elementor-widget__width-initial elementor-widget-mobile__width-inherit elementor-widget elementor-widget-image-box\" data-id=\"d0f1fdc\" data-element_type=\"widget\" data-e-type=\"widget\" data-widget_type=\"image-box.default\">\n\t\t\t\t\t<div class=\"elementor-image-box-wrapper\"><div class=\"elementor-image-box-content\"><h3 class=\"elementor-image-box-title\">\u200bEl\u0151ny\u00f6k egy \u00dcgyf\u00e9l szemsz\u00f6g\u00e9b\u0151l<\/h3><p class=\"elementor-image-box-description\">\u200bMobil aut\u00f3kozmetikak\u00e9nt h\u00e1zhoz megyek, hogy aut\u00f3ja a lehet\u0151 legk\u00e9nyelmesebben kapjon profi tiszt\u00edt\u00e1st \u00e9s \u00e1pol\u00e1st. \n\n<\/p><\/div><\/div>\t\t\t\t<\/div>\n\t\t\t\t<\/div>\n\t\t<div class=\"elementor-element elementor-element-330b9af e-con-full e-flex e-con e-child\" data-id=\"330b9af\" data-element_type=\"container\" data-e-type=\"container\">\n\t\t<div class=\"elementor-element elementor-element-8d81676 e-con-full e-flex e-con e-child\" data-id=\"8d81676\" data-element_type=\"container\" data-e-type=\"container\">\n\t\t\t\t<div class=\"elementor-element elementor-element-cfdf9bd elementor-widget elementor-widget-image-box\" data-id=\"cfdf9bd\" data-element_type=\"widget\" data-e-type=\"widget\" data-widget_type=\"image-box.default\">\n\t\t\t\t\t<div class=\"elementor-image-box-wrapper\"><div class=\"elementor-image-box-content\"><h3 class=\"elementor-image-box-title\">01.<br> \u200bK\u00e9nyelem<\/h3><p class=\"elementor-image-box-description\"> Nem kell elvinni az aut\u00f3t egy szervizbe vagy v\u00e1rni, m\u00edg elk\u00e9sz\u00fcl. Az aut\u00f3kozmetika h\u00e1zhoz j\u00f6n, \u00edgy az id\u0151det m\u00e1sra ford\u00edthatod. \u200b\n\n<\/p><\/div><\/div>\t\t\t\t<\/div>\n\t\t\t\t<\/div>\n\t\t<div class=\"elementor-element elementor-element-93bcf5d e-con-full e-flex e-con e-child\" data-id=\"93bcf5d\" data-element_type=\"container\" data-e-type=\"container\">\n\t\t\t\t<div class=\"elementor-element elementor-element-edacae2 elementor-widget elementor-widget-image-box\" data-id=\"edacae2\" data-element_type=\"widget\" data-e-type=\"widget\" data-widget_type=\"image-box.default\">\n\t\t\t\t\t<div class=\"elementor-image-box-wrapper\"><div class=\"elementor-image-box-content\"><h3 class=\"elementor-image-box-title\">02.\u200b <br>Id\u0151megtakar\u00edt\u00e1s<\/h3><p class=\"elementor-image-box-description\"> Mik\u00f6zben dolgozol vagy otthon pihensz, az aut\u00f3d tiszt\u00e1n \u00e9s \u00e1poltan v\u00e1r r\u00e1d.\u200b\n\n<\/p><\/div><\/div>\t\t\t\t<\/div>\n\t\t\t\t<\/div>\n\t\t<div class=\"elementor-element elementor-element-b17bed3 e-con-full e-flex e-con e-child\" data-id=\"b17bed3\" data-element_type=\"container\" data-e-type=\"container\">\n\t\t\t\t<div class=\"elementor-element elementor-element-3ab756c elementor-widget elementor-widget-image-box\" data-id=\"3ab756c\" data-element_type=\"widget\" data-e-type=\"widget\" data-widget_type=\"image-box.default\">\n\t\t\t\t\t<div class=\"elementor-image-box-wrapper\"><div class=\"elementor-image-box-content\"><h3 class=\"elementor-image-box-title\">03. <br> \u200b\u200bSzem\u00e9lyre szabott szolg\u00e1ltat\u00e1s<\/h3><p class=\"elementor-image-box-description\">A helysz\u00ednen v\u00e9gzett munka lehet\u0151s\u00e9get ad az ig\u00e9nyeidhez igaz\u00edtott tiszt\u00edt\u00e1sra \u00e9s \u00e1pol\u00e1sra. \u200b\n\n<\/p><\/div><\/div>\t\t\t\t<\/div>\n\t\t\t\t<\/div>\n\t\t<div class=\"elementor-element elementor-element-5742638 e-con-full e-flex e-con e-child\" data-id=\"5742638\" data-element_type=\"container\" data-e-type=\"container\">\n\t\t\t\t<div class=\"elementor-element elementor-element-4a2efb9 elementor-widget elementor-widget-image-box\" data-id=\"4a2efb9\" data-element_type=\"widget\" data-e-type=\"widget\" data-widget_type=\"image-box.default\">\n\t\t\t\t\t<div class=\"elementor-image-box-wrapper\"><div class=\"elementor-image-box-content\"><h3 class=\"elementor-image-box-title\">04. <br> \u200b\u200bRugalmass\u00e1g<\/h3><p class=\"elementor-image-box-description\">Az id\u0151pontot \u00e9s a helysz\u00ednt is te v\u00e1lasztod meg, \u00edgy az aut\u00f3kozmetika igazodik hozz\u00e1d.\u200b\n\n<\/p><\/div><\/div>\t\t\t\t<\/div>\n\t\t\t\t<\/div>\n\t\t<div class=\"elementor-element elementor-element-93c5cdc e-con-full e-flex e-con e-child\" data-id=\"93c5cdc\" data-element_type=\"container\" data-e-type=\"container\">\n\t\t\t\t<div class=\"elementor-element elementor-element-69d658a elementor-widget elementor-widget-image-box\" data-id=\"69d658a\" data-element_type=\"widget\" data-e-type=\"widget\" data-widget_type=\"image-box.default\">\n\t\t\t\t\t<div class=\"elementor-image-box-wrapper\"><div class=\"elementor-image-box-content\"><h3 class=\"elementor-image-box-title\">05. <br> \u200b\u200bMin\u0151s\u00e9g<\/h3><p class=\"elementor-image-box-description\"> Professzion\u00e1lis term\u00e9keket \u00e9s eszk\u00f6z\u00f6ket haszn\u00e1lok amit\u0151l az eredm\u00e9ny igaz\u00e1n l\u00e1tv\u00e1nyos lesz.\n\n<\/p><\/div><\/div>\t\t\t\t<\/div>\n\t\t\t\t<\/div>\n\t\t\t\t<\/div>\n\t\t\t\t\t<\/div>\n\t\t\t\t<\/div>\n\t\t\t\t<\/div>\n\t\t","protected":false},"excerpt":{"rendered":"<p>Pr\u00e9mium Bels\u0151 Tiszt\u00edt\u00e1s Teljes aut\u00f3 bels\u0151 tiszt\u00edt\u00e1s ak\u00e1r 2 \u00f3ra alatt \u2013 porsz\u00edv\u00f3z\u00e1s, samponoz\u00e1s, b\u0151rtiszt\u00edt\u00e1s \u00e9s aj\u00e1nd\u00e9k l\u00e9gfriss\u00edt\u0151! 149 \u20ac Kapcsolat Pr\u00e9mium Bels\u0151 Tiszt\u00edt\u00e1s Teljes aut\u00f3 bels\u0151 tiszt\u00edt\u00e1s ak\u00e1r 2 \u00f3ra alatt \u2013 porsz\u00edv\u00f3z\u00e1s, samponoz\u00e1s, b\u0151rtiszt\u00edt\u00e1s \u00e9s aj\u00e1nd\u00e9k l\u00e9gfriss\u00edt\u0151! 149 \u20ac Kapcsolat Pr\u00e9mium Bels\u0151 Tiszt\u00edt\u00e1s Teljes aut\u00f3 bels\u0151 tiszt\u00edt\u00e1s ak\u00e1r 2 \u00f3ra alatt \u2013 porsz\u00edv\u00f3z\u00e1s, [&hellip;]<\/p>\n","protected":false},"author":1,"featured_media":0,"parent":0,"menu_order":0,"comment_status":"closed","ping_status":"closed","template":"elementor_header_footer","meta":{"footnotes":""},"class_list":["post-11","page","type-page","status-publish","hentry"],"_links":{"self":[{"href":"https:\/\/insky.codnize.com\/de\/wp-json\/wp\/v2\/pages\/11","targetHints":{"allow":["GET"]}}],"collection":[{"href":"https:\/\/insky.codnize.com\/de\/wp-json\/wp\/v2\/pages"}],"about":[{"href":"https:\/\/insky.codnize.com\/de\/wp-json\/wp\/v2\/types\/page"}],"author":[{"embeddable":true,"href":"https:\/\/insky.codnize.com\/de\/wp-json\/wp\/v2\/users\/1"}],"replies":[{"embeddable":true,"href":"https:\/\/insky.codnize.com\/de\/wp-json\/wp\/v2\/comments?post=11"}],"version-history":[{"count":61,"href":"https:\/\/insky.codnize.com\/de\/wp-json\/wp\/v2\/pages\/11\/revisions"}],"predecessor-version":[{"id":295,"href":"https:\/\/insky.codnize.com\/de\/wp-json\/wp\/v2\/pages\/11\/revisions\/295"}],"wp:attachment":[{"href":"https:\/\/insky.codnize.com\/de\/wp-json\/wp\/v2\/media?parent=11"}],"curies":[{"name":"wp","href":"https:\/\/api.w.org\/{rel}","templated":true}]}}